{"id":741,"date":"2021-10-29T08:15:42","date_gmt":"2021-10-29T08:15:42","guid":{"rendered":"https:\/\/demo.athemes.com\/sydney-main\/?page_id=5"},"modified":"2024-04-03T20:05:12","modified_gmt":"2024-04-03T18:05:12","slug":"my-front-page","status":"publish","type":"page","link":"https:\/\/www.roncolato.it\/de\/","title":{"rendered":"Home page"},"content":{"rendered":"<div data-elementor-type=\"wp-page\" data-elementor-id=\"741\" class=\"elementor elementor-741\" data-elementor-post-type=\"page\">\n\t\t\t\t\t\t<section class=\"elementor-section elementor-top-section elementor-element elementor-element-55fef1c elementor-section-height-full elementor-section-boxed elementor-section-height-default elementor-section-items-middle\" data-id=\"55fef1c\" data-element_type=\"section\" data-e-type=\"section\" data-settings=\"{&quot;background_background&quot;:&quot;classic&quot;}\">\n\t\t\t\t\t\t\t<div class=\"elementor-background-overlay\"><\/div>\n\t\t\t\t\t\t\t<div class=\"elementor-container elementor-column-gap-default\">\n\t\t\t\t\t<div class=\"elementor-column elementor-col-100 elementor-top-column elementor-element elementor-element-7a87d59\" data-id=\"7a87d59\" data-element_type=\"column\" data-e-type=\"column\">\n\t\t\t<div class=\"elementor-widget-wrap elementor-element-populated\">\n\t\t\t\t\t\t<section class=\"elementor-section elementor-inner-section elementor-element elementor-element-9b14d33 elementor-section-boxed elementor-section-height-default elementor-section-height-default\" data-id=\"9b14d33\" data-element_type=\"section\" data-e-type=\"section\">\n\t\t\t\t\t\t<div class=\"elementor-container elementor-column-gap-no\">\n\t\t\t\t\t<div class=\"elementor-column elementor-col-33 elementor-inner-column elementor-element elementor-element-dbe7de2\" data-id=\"dbe7de2\" data-element_type=\"column\" data-e-type=\"column\">\n\t\t\t<div class=\"elementor-widget-wrap\">\n\t\t\t\t\t\t\t<\/div>\n\t\t<\/div>\n\t\t\t\t<div class=\"elementor-column elementor-col-33 elementor-inner-column elementor-element elementor-element-440f727\" data-id=\"440f727\" data-element_type=\"column\" data-e-type=\"column\">\n\t\t\t<div class=\"elementor-widget-wrap elementor-element-populated\">\n\t\t\t\t\t\t<div class=\"elementor-element elementor-element-f8d685f elementor-widget elementor-widget-image\" data-id=\"f8d685f\" data-element_type=\"widget\" data-e-type=\"widget\" data-widget_type=\"image.default\">\n\t\t\t\t<div class=\"elementor-widget-container\">\n\t\t\t\t\t\t\t\t\t\t\t\t\t\t\t<img fetchpriority=\"high\" decoding=\"async\" width=\"300\" height=\"300\" src=\"https:\/\/www.roncolato.it\/wp-content\/uploads\/2024\/04\/logo_roncolato_500-bianco-300x300.png\" class=\"attachment-medium size-medium wp-image-817\" alt=\"\" srcset=\"https:\/\/www.roncolato.it\/wp-content\/uploads\/2024\/04\/logo_roncolato_500-bianco-300x300.png 300w, https:\/\/www.roncolato.it\/wp-content\/uploads\/2024\/04\/logo_roncolato_500-bianco-150x150.png 150w, https:\/\/www.roncolato.it\/wp-content\/uploads\/2024\/04\/logo_roncolato_500-bianco-230x230.png 230w, https:\/\/www.roncolato.it\/wp-content\/uploads\/2024\/04\/logo_roncolato_500-bianco-350x350.png 350w, https:\/\/www.roncolato.it\/wp-content\/uploads\/2024\/04\/logo_roncolato_500-bianco-480x480.png 480w, https:\/\/www.roncolato.it\/wp-content\/uploads\/2024\/04\/logo_roncolato_500-bianco.png 500w\" sizes=\"(max-width: 300px) 100vw, 300px\" \/>\t\t\t\t\t\t\t\t\t\t\t\t\t\t\t<\/div>\n\t\t\t\t<\/div>\n\t\t\t\t\t<\/div>\n\t\t<\/div>\n\t\t\t\t<div class=\"elementor-column elementor-col-33 elementor-inner-column elementor-element elementor-element-9e6021b\" data-id=\"9e6021b\" data-element_type=\"column\" data-e-type=\"column\">\n\t\t\t<div class=\"elementor-widget-wrap\">\n\t\t\t\t\t\t\t<\/div>\n\t\t<\/div>\n\t\t\t\t\t<\/div>\n\t\t<\/section>\n\t\t\t\t<section class=\"elementor-section elementor-inner-section elementor-element elementor-element-74ebee1 elementor-section-boxed elementor-section-height-default elementor-section-height-default\" data-id=\"74ebee1\" data-element_type=\"section\" data-e-type=\"section\">\n\t\t\t\t\t\t<div class=\"elementor-container elementor-column-gap-no\">\n\t\t\t\t\t<div class=\"elementor-column elementor-col-100 elementor-inner-column elementor-element elementor-element-cd93dff\" data-id=\"cd93dff\" data-element_type=\"column\" data-e-type=\"column\">\n\t\t\t<div class=\"elementor-widget-wrap elementor-element-populated\">\n\t\t\t\t\t\t<div class=\"elementor-element elementor-element-5306097 elementor-widget elementor-widget-heading\" data-id=\"5306097\" data-element_type=\"widget\" data-e-type=\"widget\" data-widget_type=\"heading.default\">\n\t\t\t\t<div class=\"elementor-widget-container\">\n\t\t\t\t\t<h2 class=\"elementor-heading-title elementor-size-default\">roncolato Bauunternehmen<\/h2>\t\t\t\t<\/div>\n\t\t\t\t<\/div>\n\t\t\t\t<div class=\"elementor-element elementor-element-5ea8991 elementor-widget elementor-widget-heading\" data-id=\"5ea8991\" data-element_type=\"widget\" data-e-type=\"widget\" data-widget_type=\"heading.default\">\n\t\t\t\t<div class=\"elementor-widget-container\">\n\t\t\t\t\t<h3 class=\"elementor-heading-title elementor-size-default\">seit 60 Jahren: eine Familiengeschichte<\/h3>\t\t\t\t<\/div>\n\t\t\t\t<\/div>\n\t\t\t\t\t<\/div>\n\t\t<\/div>\n\t\t\t\t\t<\/div>\n\t\t<\/section>\n\t\t\t\t\t<\/div>\n\t\t<\/div>\n\t\t\t\t\t<\/div>\n\t\t<\/section>\n\t\t\t\t<section class=\"elementor-section elementor-top-section elementor-element elementor-element-8379181 elementor-section-content-middle elementor-reverse-mobile elementor-section-boxed elementor-section-height-default elementor-section-height-default\" data-id=\"8379181\" data-element_type=\"section\" data-e-type=\"section\" data-settings=\"{&quot;background_background&quot;:&quot;classic&quot;}\">\n\t\t\t\t\t\t<div class=\"elementor-container elementor-column-gap-default\">\n\t\t\t\t\t<div class=\"elementor-column elementor-col-50 elementor-top-column elementor-element elementor-element-39caae5\" data-id=\"39caae5\" data-element_type=\"column\" data-e-type=\"column\">\n\t\t\t<div class=\"elementor-widget-wrap elementor-element-populated\">\n\t\t\t\t\t\t<div class=\"elementor-element elementor-element-8867ee0 elementor-widget elementor-widget-heading\" data-id=\"8867ee0\" data-element_type=\"widget\" data-e-type=\"widget\" data-widget_type=\"heading.default\">\n\t\t\t\t<div class=\"elementor-widget-container\">\n\t\t\t\t\t<h6 class=\"elementor-heading-title elementor-size-default\">our Identity<\/h6>\t\t\t\t<\/div>\n\t\t\t\t<\/div>\n\t\t\t\t<div class=\"elementor-element elementor-element-55a8a2a elementor-widget elementor-widget-heading\" data-id=\"55a8a2a\" data-element_type=\"widget\" data-e-type=\"widget\" data-widget_type=\"heading.default\">\n\t\t\t\t<div class=\"elementor-widget-container\">\n\t\t\t\t\t<h2 class=\"elementor-heading-title elementor-size-default\">Aufgewachsen auf der Baustelle<\/h2>\t\t\t\t<\/div>\n\t\t\t\t<\/div>\n\t\t\t\t<div class=\"elementor-element elementor-element-964a475 elementor-widget elementor-widget-text-editor\" data-id=\"964a475\" data-element_type=\"widget\" data-e-type=\"widget\" data-widget_type=\"text-editor.default\">\n\t\t\t\t<div class=\"elementor-widget-container\">\n\t\t\t\t\t\t\t\t\t<p>Das 1966 in Bozen gegr\u00fcndete Unternehmen blickt auf eine mehr als ein halbes Jahrhundert w\u00e4hrende Erfolgsgeschichte zur\u00fcck. Im Laufe dieser Jahre haben wir unsere Kompetenzen stetig weiterentwickelt und unseren Ruf in der Baubranche gefestigt. Im Jahr 1982 haben wir die strategische Entscheidung getroffen, unseren Firmensitz von Bozen nach Burgstall (BZ) zu verlegen. Derzeit sind wir dabei, ein neues Lager- und B\u00fcrogeb\u00e4ude zu errichten, ein sichtbares Zeichen f\u00fcr unser kontinuierliches Engagement f\u00fcr Wachstum und Entwicklung.<\/p><p>Wir bezeichnen uns selbst als ein Familienunternehmen, das seit drei Generationen besteht, und sind stolz darauf, unsere handwerkliche Identit\u00e4t zu bewahren. Im Laufe der Jahre haben wir in der Bauszene einen bedeutenden Eindruck hinterlassen und zum Bau verschiedener Wohn- und Industriegeb\u00e4ude beigetragen. Dank unserer langj\u00e4hrigen Erfahrung sind wir in der Lage, Bauprojekte unterschiedlichster Art und Komplexit\u00e4t zu bew\u00e4ltigen, was uns zu einem zuverl\u00e4ssigen Bezugspunkt in diesem Sektor macht.<\/p><p>Der Grund f\u00fcr unseren Erfolg liegt in der kontinuierlichen Zusammenarbeit mit hochspezialisierten Technikern und der st\u00e4ndigen Fortbildung unserer Mitarbeiter. Dieser proaktive Ansatz erm\u00f6glicht es uns, jede Arbeitsherausforderung erfolgreich zu meistern und unseren Kunden hervorragende Ergebnisse zu garantieren. Wir sind der festen \u00dcberzeugung, dass nicht nur Zahlen und Budgets, sondern vor allem die Menschen das eigentliche Herz des Unternehmens sind. Unser Engagement f\u00fcr die Pflege echter menschlicher Beziehungen ist das Fundament, auf dem wir unseren dauerhaften Erfolg aufbauen.<\/p>\t\t\t\t\t\t\t\t<\/div>\n\t\t\t\t<\/div>\n\t\t\t\t\t<\/div>\n\t\t<\/div>\n\t\t\t\t<div class=\"elementor-column elementor-col-50 elementor-top-column elementor-element elementor-element-06d9e92\" data-id=\"06d9e92\" data-element_type=\"column\" data-e-type=\"column\">\n\t\t\t<div class=\"elementor-widget-wrap elementor-element-populated\">\n\t\t\t\t\t\t<div class=\"elementor-element elementor-element-c62c5d2 elementor-pagination-position-outside elementor-widget elementor-widget-image-carousel\" data-id=\"c62c5d2\" data-element_type=\"widget\" data-e-type=\"widget\" data-settings=\"{&quot;slides_to_show&quot;:&quot;1&quot;,&quot;navigation&quot;:&quot;dots&quot;,&quot;autoplay&quot;:&quot;yes&quot;,&quot;pause_on_hover&quot;:&quot;yes&quot;,&quot;pause_on_interaction&quot;:&quot;yes&quot;,&quot;autoplay_speed&quot;:5000,&quot;infinite&quot;:&quot;yes&quot;,&quot;effect&quot;:&quot;slide&quot;,&quot;speed&quot;:500}\" data-widget_type=\"image-carousel.default\">\n\t\t\t\t<div class=\"elementor-widget-container\">\n\t\t\t\t\t\t\t<div class=\"elementor-image-carousel-wrapper swiper\" role=\"region\" aria-roledescription=\"carousel\" aria-label=\"Carosello d&#039;immagini\" dir=\"ltr\">\n\t\t\t<div class=\"elementor-image-carousel swiper-wrapper\" aria-live=\"off\">\n\t\t\t\t\t\t\t\t<div class=\"swiper-slide\" role=\"group\" aria-roledescription=\"slide\" aria-label=\"1 di 2\"><figure class=\"swiper-slide-inner\"><img decoding=\"async\" class=\"swiper-slide-image\" src=\"https:\/\/www.roncolato.it\/wp-content\/uploads\/2024\/03\/Generazione1.jpg\" alt=\"Christian Roncolato a 2 anni\" \/><\/figure><\/div><div class=\"swiper-slide\" role=\"group\" aria-roledescription=\"slide\" aria-label=\"2 di 2\"><figure class=\"swiper-slide-inner\"><img decoding=\"async\" class=\"swiper-slide-image\" src=\"https:\/\/www.roncolato.it\/wp-content\/uploads\/2024\/03\/Generazione2.jpg\" alt=\"Christian e Manuel Roncolato\" \/><\/figure><\/div>\t\t\t<\/div>\n\t\t\t\t\t\t\t\n\t\t\t\t\t\t\t\t\t<div class=\"swiper-pagination\"><\/div>\n\t\t\t\t\t\t\t\t\t<\/div>\n\t\t\t\t\t\t<\/div>\n\t\t\t\t<\/div>\n\t\t\t\t\t<\/div>\n\t\t<\/div>\n\t\t\t\t\t<\/div>\n\t\t<\/section>\n\t\t\t\t<section class=\"elementor-section elementor-top-section elementor-element elementor-element-8d95cd6 elementor-section-content-middle elementor-section-boxed elementor-section-height-default elementor-section-height-default\" data-id=\"8d95cd6\" data-element_type=\"section\" data-e-type=\"section\" data-settings=\"{&quot;background_background&quot;:&quot;classic&quot;}\">\n\t\t\t\t\t\t<div class=\"elementor-container elementor-column-gap-default\">\n\t\t\t\t\t<div class=\"elementor-column elementor-col-50 elementor-top-column elementor-element elementor-element-e97b8fc\" data-id=\"e97b8fc\" data-element_type=\"column\" data-e-type=\"column\">\n\t\t\t<div class=\"elementor-widget-wrap elementor-element-populated\">\n\t\t\t\t\t\t<div class=\"elementor-element elementor-element-51fbeef stretch-left elementor-widget elementor-widget-image\" data-id=\"51fbeef\" data-element_type=\"widget\" data-e-type=\"widget\" data-widget_type=\"image.default\">\n\t\t\t\t<div class=\"elementor-widget-container\">\n\t\t\t\t\t\t\t\t\t\t\t\t\t\t\t<img decoding=\"async\" width=\"647\" height=\"1080\" src=\"https:\/\/www.roncolato.it\/wp-content\/uploads\/2024\/03\/Roncolato_Cantiere_11.jpg\" class=\"attachment-full size-full wp-image-755\" alt=\"\" srcset=\"https:\/\/www.roncolato.it\/wp-content\/uploads\/2024\/03\/Roncolato_Cantiere_11.jpg 647w, https:\/\/www.roncolato.it\/wp-content\/uploads\/2024\/03\/Roncolato_Cantiere_11-180x300.jpg 180w, https:\/\/www.roncolato.it\/wp-content\/uploads\/2024\/03\/Roncolato_Cantiere_11-613x1024.jpg 613w, https:\/\/www.roncolato.it\/wp-content\/uploads\/2024\/03\/Roncolato_Cantiere_11-230x384.jpg 230w, https:\/\/www.roncolato.it\/wp-content\/uploads\/2024\/03\/Roncolato_Cantiere_11-350x584.jpg 350w, https:\/\/www.roncolato.it\/wp-content\/uploads\/2024\/03\/Roncolato_Cantiere_11-480x801.jpg 480w\" sizes=\"(max-width: 647px) 100vw, 647px\" \/>\t\t\t\t\t\t\t\t\t\t\t\t\t\t\t<\/div>\n\t\t\t\t<\/div>\n\t\t\t\t\t<\/div>\n\t\t<\/div>\n\t\t\t\t<div class=\"elementor-column elementor-col-50 elementor-top-column elementor-element elementor-element-16f4b9d\" data-id=\"16f4b9d\" data-element_type=\"column\" data-e-type=\"column\">\n\t\t\t<div class=\"elementor-widget-wrap elementor-element-populated\">\n\t\t\t\t\t\t<div class=\"elementor-element elementor-element-956bba1 elementor-widget elementor-widget-heading\" data-id=\"956bba1\" data-element_type=\"widget\" data-e-type=\"widget\" data-widget_type=\"heading.default\">\n\t\t\t\t<div class=\"elementor-widget-container\">\n\t\t\t\t\t<h6 class=\"elementor-heading-title elementor-size-default\">our skills<\/h6>\t\t\t\t<\/div>\n\t\t\t\t<\/div>\n\t\t\t\t<div class=\"elementor-element elementor-element-31b9076 elementor-widget elementor-widget-heading\" data-id=\"31b9076\" data-element_type=\"widget\" data-e-type=\"widget\" data-widget_type=\"heading.default\">\n\t\t\t\t<div class=\"elementor-widget-container\">\n\t\t\t\t\t<h2 class=\"elementor-heading-title elementor-size-default\">Fachgebiete und T\u00e4tigkeiten<\/h2>\t\t\t\t<\/div>\n\t\t\t\t<\/div>\n\t\t\t\t<div class=\"elementor-element elementor-element-df4c0ef elementor-widget elementor-widget-text-editor\" data-id=\"df4c0ef\" data-element_type=\"widget\" data-e-type=\"widget\" data-widget_type=\"text-editor.default\">\n\t\t\t\t<div class=\"elementor-widget-container\">\n\t\t\t\t\t\t\t\t\t<p>Dank der im Laufe der Jahre gesammelten Erfahrung ist unser Unternehmen ein zuverl\u00e4ssiger Partner, der in der Lage ist, den Kunden durch alle komplexen Bauphasen zu begleiten und zu unterst\u00fctzen. Unser Engagement beschr\u00e4nkt sich nicht nur auf die physische Realisierung von Geb\u00e4uden, sondern erstreckt sich auch auf die Erstellung wirtschaftlicher Machbarkeitsstudien, was unser Augenmerk auf die wirtschaftliche Nachhaltigkeit der von uns durchgef\u00fchrten Projekte unterstreicht.<\/p><p>Besonderes Augenmerk legen wir auf die st\u00e4ndige berufliche Fortbildung, sowohl in technischlegislativer Hinsicht als auch in Bezug auf die f\u00fcr die Aus\u00fcbung der beruflichen T\u00e4tigkeit erforderliche Ausstattung. Dank dieses st\u00e4ndigen Engagements k\u00f6nnen wir mit den rechtlichen und technologischen Entwicklungen Schritt halten und gleichzeitig sicherstellen, dass unsere Praktiken immer auf dem neuesten Stand sind.<\/p><p>Trotz des Wachstums und der Entwicklung hat das Unternehmen \"Roncolato\" seine handwerkliche Identit\u00e4t bewahrt, insbesondere bei der Herstellung von Industrie- und Wohnprodukten.Unsere Philosophie wird von der Politik der Aufrechterhaltung der h\u00f6chsten Qualit\u00e4t geleitet, eine Mission, die jede Phase unserer Arbeit durchdringt. Wir sind davon \u00fcberzeugt, dass Qualit\u00e4t die Grundlage ist, auf der wir das Vertrauen unserer Kunden aufbauen und die Dauerhaftigkeit unserer Projekte gew\u00e4hrleisten k\u00f6nnen.<\/p>\t\t\t\t\t\t\t\t<\/div>\n\t\t\t\t<\/div>\n\t\t\t\t\t<\/div>\n\t\t<\/div>\n\t\t\t\t\t<\/div>\n\t\t<\/section>\n\t\t\t\t<section class=\"elementor-section elementor-top-section elementor-element elementor-element-f6fc463 elementor-section-content-middle elementor-section-boxed elementor-section-height-default elementor-section-height-default\" data-id=\"f6fc463\" data-element_type=\"section\" data-e-type=\"section\">\n\t\t\t\t\t\t<div class=\"elementor-container elementor-column-gap-default\">\n\t\t\t\t\t<div class=\"elementor-column elementor-col-50 elementor-top-column elementor-element elementor-element-2e6a403\" data-id=\"2e6a403\" data-element_type=\"column\" data-e-type=\"column\">\n\t\t\t<div class=\"elementor-widget-wrap elementor-element-populated\">\n\t\t\t\t\t\t<div class=\"elementor-element elementor-element-590e01f elementor-widget elementor-widget-heading\" data-id=\"590e01f\" data-element_type=\"widget\" data-e-type=\"widget\" data-widget_type=\"heading.default\">\n\t\t\t\t<div class=\"elementor-widget-container\">\n\t\t\t\t\t<h2 class=\"elementor-heading-title elementor-size-default\">Wie ein Familienalbum<\/h2>\t\t\t\t<\/div>\n\t\t\t\t<\/div>\n\t\t\t\t\t<\/div>\n\t\t<\/div>\n\t\t\t\t<div class=\"elementor-column elementor-col-50 elementor-top-column elementor-element elementor-element-eb41a9c\" data-id=\"eb41a9c\" data-element_type=\"column\" data-e-type=\"column\">\n\t\t\t<div class=\"elementor-widget-wrap elementor-element-populated\">\n\t\t\t\t\t\t<div class=\"elementor-element elementor-element-f616835 elementor-align-right elementor-mobile-align-center elementor-widget elementor-widget-button\" data-id=\"f616835\" data-element_type=\"widget\" data-e-type=\"widget\" data-widget_type=\"button.default\">\n\t\t\t\t<div class=\"elementor-widget-container\">\n\t\t\t\t\t\t\t\t\t<div class=\"elementor-button-wrapper\">\n\t\t\t\t\t<a class=\"elementor-button elementor-button-link elementor-size-sm\" href=\"https:\/\/www.roncolato.it\/de\/portfolio\/\">\n\t\t\t\t\t\t<span class=\"elementor-button-content-wrapper\">\n\t\t\t\t\t\t\t\t\t<span class=\"elementor-button-text\">Album ansehen<\/span>\n\t\t\t\t\t<\/span>\n\t\t\t\t\t<\/a>\n\t\t\t\t<\/div>\n\t\t\t\t\t\t\t\t<\/div>\n\t\t\t\t<\/div>\n\t\t\t\t\t<\/div>\n\t\t<\/div>\n\t\t\t\t\t<\/div>\n\t\t<\/section>\n\t\t\t\t<section class=\"elementor-section elementor-top-section elementor-element elementor-element-f790d39 elementor-section-boxed elementor-section-height-default elementor-section-height-default\" data-id=\"f790d39\" data-element_type=\"section\" data-e-type=\"section\">\n\t\t\t\t\t\t<div class=\"elementor-container elementor-column-gap-default\">\n\t\t\t\t\t<div class=\"elementor-column elementor-col-50 elementor-top-column elementor-element elementor-element-b6a44fb\" data-id=\"b6a44fb\" data-element_type=\"column\" data-e-type=\"column\">\n\t\t\t<div class=\"elementor-widget-wrap elementor-element-populated\">\n\t\t\t\t\t\t<div class=\"elementor-element elementor-element-43a0f16 elementor-widget elementor-widget-image\" data-id=\"43a0f16\" data-element_type=\"widget\" data-e-type=\"widget\" data-widget_type=\"image.default\">\n\t\t\t\t<div class=\"elementor-widget-container\">\n\t\t\t\t\t\t\t\t\t\t\t\t\t\t\t\t<a href=\"http:\/\/www.roncolato.it\/wp-content\/uploads\/2024\/04\/giuseppe-roncolato-1964-1-mendola.jpg\" data-elementor-open-lightbox=\"yes\" data-elementor-lightbox-title=\"Giuseppe Roncolato @ Mendola (1964)\" data-e-action-hash=\"#elementor-action%3Aaction%3Dlightbox%26settings%3DeyJpZCI6NzY2LCJ1cmwiOiJodHRwczpcL1wvd3d3LnJvbmNvbGF0by5pdFwvd3AtY29udGVudFwvdXBsb2Fkc1wvMjAyNFwvMDRcL2dpdXNlcHBlLXJvbmNvbGF0by0xOTY0LTEtbWVuZG9sYS5qcGcifQ%3D%3D\">\n\t\t\t\t\t\t\t<img decoding=\"async\" width=\"1024\" height=\"1024\" src=\"https:\/\/www.roncolato.it\/wp-content\/uploads\/2024\/04\/giuseppe-roncolato-1964-1-mendola-1024x1024.jpg\" class=\"attachment-large size-large wp-image-766\" alt=\"\" srcset=\"https:\/\/www.roncolato.it\/wp-content\/uploads\/2024\/04\/giuseppe-roncolato-1964-1-mendola-1024x1024.jpg 1024w, https:\/\/www.roncolato.it\/wp-content\/uploads\/2024\/04\/giuseppe-roncolato-1964-1-mendola-300x300.jpg 300w, https:\/\/www.roncolato.it\/wp-content\/uploads\/2024\/04\/giuseppe-roncolato-1964-1-mendola-150x150.jpg 150w, https:\/\/www.roncolato.it\/wp-content\/uploads\/2024\/04\/giuseppe-roncolato-1964-1-mendola-768x768.jpg 768w, https:\/\/www.roncolato.it\/wp-content\/uploads\/2024\/04\/giuseppe-roncolato-1964-1-mendola-1000x1000.jpg 1000w, https:\/\/www.roncolato.it\/wp-content\/uploads\/2024\/04\/giuseppe-roncolato-1964-1-mendola-230x230.jpg 230w, https:\/\/www.roncolato.it\/wp-content\/uploads\/2024\/04\/giuseppe-roncolato-1964-1-mendola-350x350.jpg 350w, https:\/\/www.roncolato.it\/wp-content\/uploads\/2024\/04\/giuseppe-roncolato-1964-1-mendola-480x480.jpg 480w, https:\/\/www.roncolato.it\/wp-content\/uploads\/2024\/04\/giuseppe-roncolato-1964-1-mendola.jpg 1254w\" sizes=\"(max-width: 1024px) 100vw, 1024px\" \/>\t\t\t\t\t\t\t\t<\/a>\n\t\t\t\t\t\t\t\t\t\t\t\t\t\t\t<\/div>\n\t\t\t\t<\/div>\n\t\t\t\t<div class=\"elementor-element elementor-element-e7eabd3 elementor-widget elementor-widget-image\" data-id=\"e7eabd3\" data-element_type=\"widget\" data-e-type=\"widget\" data-widget_type=\"image.default\">\n\t\t\t\t<div class=\"elementor-widget-container\">\n\t\t\t\t\t\t\t\t\t\t\t\t\t\t\t\t<a href=\"http:\/\/www.roncolato.it\/wp-content\/uploads\/2024\/04\/cantiere-17-merano-1979.jpg\" data-elementor-open-lightbox=\"yes\" data-elementor-lightbox-title=\"Cantiere @ Merano (1979)\" data-e-action-hash=\"#elementor-action%3Aaction%3Dlightbox%26settings%3DeyJpZCI6NzY4LCJ1cmwiOiJodHRwczpcL1wvd3d3LnJvbmNvbGF0by5pdFwvd3AtY29udGVudFwvdXBsb2Fkc1wvMjAyNFwvMDRcL2NhbnRpZXJlLTE3LW1lcmFuby0xOTc5LmpwZyJ9\">\n\t\t\t\t\t\t\t<img loading=\"lazy\" decoding=\"async\" width=\"1024\" height=\"689\" src=\"https:\/\/www.roncolato.it\/wp-content\/uploads\/2024\/04\/cantiere-17-merano-1979-1024x689.jpg\" class=\"attachment-large size-large wp-image-768\" alt=\"\" srcset=\"https:\/\/www.roncolato.it\/wp-content\/uploads\/2024\/04\/cantiere-17-merano-1979-1024x689.jpg 1024w, https:\/\/www.roncolato.it\/wp-content\/uploads\/2024\/04\/cantiere-17-merano-1979-300x202.jpg 300w, https:\/\/www.roncolato.it\/wp-content\/uploads\/2024\/04\/cantiere-17-merano-1979-768x517.jpg 768w, https:\/\/www.roncolato.it\/wp-content\/uploads\/2024\/04\/cantiere-17-merano-1979-1000x673.jpg 1000w, https:\/\/www.roncolato.it\/wp-content\/uploads\/2024\/04\/cantiere-17-merano-1979-230x155.jpg 230w, https:\/\/www.roncolato.it\/wp-content\/uploads\/2024\/04\/cantiere-17-merano-1979-350x236.jpg 350w, https:\/\/www.roncolato.it\/wp-content\/uploads\/2024\/04\/cantiere-17-merano-1979-480x323.jpg 480w, https:\/\/www.roncolato.it\/wp-content\/uploads\/2024\/04\/cantiere-17-merano-1979.jpg 1200w\" sizes=\"(max-width: 1024px) 100vw, 1024px\" \/>\t\t\t\t\t\t\t\t<\/a>\n\t\t\t\t\t\t\t\t\t\t\t\t\t\t\t<\/div>\n\t\t\t\t<\/div>\n\t\t\t\t\t<\/div>\n\t\t<\/div>\n\t\t\t\t<div class=\"elementor-column elementor-col-50 elementor-top-column elementor-element elementor-element-4f9b8c8\" data-id=\"4f9b8c8\" data-element_type=\"column\" data-e-type=\"column\">\n\t\t\t<div class=\"elementor-widget-wrap elementor-element-populated\">\n\t\t\t\t\t\t<div class=\"elementor-element elementor-element-405d0f4 elementor-widget elementor-widget-image\" data-id=\"405d0f4\" data-element_type=\"widget\" data-e-type=\"widget\" data-widget_type=\"image.default\">\n\t\t\t\t<div class=\"elementor-widget-container\">\n\t\t\t\t\t\t\t\t\t\t\t\t\t\t\t\t<a href=\"http:\/\/www.roncolato.it\/wp-content\/uploads\/2024\/04\/cantiere-13-val-badia-1963-hotel-pescosta-a-pescosta.jpg\" data-elementor-open-lightbox=\"yes\" data-elementor-lightbox-title=\"Hotel Pescosta @ Val Badia (1963)\" data-e-action-hash=\"#elementor-action%3Aaction%3Dlightbox%26settings%3DeyJpZCI6NzY3LCJ1cmwiOiJodHRwczpcL1wvd3d3LnJvbmNvbGF0by5pdFwvd3AtY29udGVudFwvdXBsb2Fkc1wvMjAyNFwvMDRcL2NhbnRpZXJlLTEzLXZhbC1iYWRpYS0xOTYzLWhvdGVsLXBlc2Nvc3RhLWEtcGVzY29zdGEuanBnIn0%3D\">\n\t\t\t\t\t\t\t<img loading=\"lazy\" decoding=\"async\" width=\"713\" height=\"1024\" src=\"https:\/\/www.roncolato.it\/wp-content\/uploads\/2024\/04\/cantiere-13-val-badia-1963-hotel-pescosta-a-pescosta-713x1024.jpg\" class=\"attachment-large size-large wp-image-767\" alt=\"\" srcset=\"https:\/\/www.roncolato.it\/wp-content\/uploads\/2024\/04\/cantiere-13-val-badia-1963-hotel-pescosta-a-pescosta-713x1024.jpg 713w, https:\/\/www.roncolato.it\/wp-content\/uploads\/2024\/04\/cantiere-13-val-badia-1963-hotel-pescosta-a-pescosta-209x300.jpg 209w, https:\/\/www.roncolato.it\/wp-content\/uploads\/2024\/04\/cantiere-13-val-badia-1963-hotel-pescosta-a-pescosta-768x1102.jpg 768w, https:\/\/www.roncolato.it\/wp-content\/uploads\/2024\/04\/cantiere-13-val-badia-1963-hotel-pescosta-a-pescosta-230x330.jpg 230w, https:\/\/www.roncolato.it\/wp-content\/uploads\/2024\/04\/cantiere-13-val-badia-1963-hotel-pescosta-a-pescosta-350x502.jpg 350w, https:\/\/www.roncolato.it\/wp-content\/uploads\/2024\/04\/cantiere-13-val-badia-1963-hotel-pescosta-a-pescosta-480x689.jpg 480w, https:\/\/www.roncolato.it\/wp-content\/uploads\/2024\/04\/cantiere-13-val-badia-1963-hotel-pescosta-a-pescosta.jpg 836w\" sizes=\"(max-width: 713px) 100vw, 713px\" \/>\t\t\t\t\t\t\t\t<\/a>\n\t\t\t\t\t\t\t\t\t\t\t\t\t\t\t<\/div>\n\t\t\t\t<\/div>\n\t\t\t\t\t<\/div>\n\t\t<\/div>\n\t\t\t\t\t<\/div>\n\t\t<\/section>\n\t\t\t\t<\/div>","protected":false},"excerpt":{"rendered":"<p>impresa di costruzioni Roncolato da 60 anni: una storia di famiglia our Identity Cresciuti in cantiere L&#8217;azienda, fondata a Bolzano nel 1966, [&hellip;]<\/p>\n","protected":false},"author":1,"featured_media":0,"parent":0,"menu_order":0,"comment_status":"closed","ping_status":"closed","template":"page-templates\/page_front-page.php","meta":{"footnotes":""},"class_list":["post-741","page","type-page","status-publish","hentry"],"_links":{"self":[{"href":"https:\/\/www.roncolato.it\/de\/wp-json\/wp\/v2\/pages\/741","targetHints":{"allow":["GET"]}}],"collection":[{"href":"https:\/\/www.roncolato.it\/de\/wp-json\/wp\/v2\/pages"}],"about":[{"href":"https:\/\/www.roncolato.it\/de\/wp-json\/wp\/v2\/types\/page"}],"author":[{"embeddable":true,"href":"https:\/\/www.roncolato.it\/de\/wp-json\/wp\/v2\/users\/1"}],"replies":[{"embeddable":true,"href":"https:\/\/www.roncolato.it\/de\/wp-json\/wp\/v2\/comments?post=741"}],"version-history":[{"count":31,"href":"https:\/\/www.roncolato.it\/de\/wp-json\/wp\/v2\/pages\/741\/revisions"}],"predecessor-version":[{"id":899,"href":"https:\/\/www.roncolato.it\/de\/wp-json\/wp\/v2\/pages\/741\/revisions\/899"}],"wp:attachment":[{"href":"https:\/\/www.roncolato.it\/de\/wp-json\/wp\/v2\/media?parent=741"}],"curies":[{"name":"wp","href":"https:\/\/api.w.org\/{rel}","templated":true}]}}